{"id":49,"date":"2021-01-17T17:48:34","date_gmt":"2021-01-17T20:48:34","guid":{"rendered":"http:\/\/novarpps.web36f07.kinghost.net\/site\/?page_id=49"},"modified":"2025-10-23T12:47:14","modified_gmt":"2025-10-23T15:47:14","slug":"curso-comprev-ead","status":"publish","type":"page","link":"https:\/\/www.novarpps.com.br\/site\/curso-comprev-ead\/","title":{"rendered":"Curso ComPrev &#8211; Modalidade EAD"},"content":{"rendered":"\n<p><iframe loading=\"lazy\" width=\"1266\" height=\"712\" src=\"https:\/\/www.youtube.com\/embed\/ihcxh-jyC_I\" title=\"YouTube video player\" frameborder=\"0\" allow=\"accelerometer; autoplay; clipboard-write; encrypted-media; gyroscope; picture-in-picture\" allowfullscreen=\"\"><\/iframe><\/p>\n\n\n\n<h4 class=\"has-text-align-center\">Curso completo, com toda a teoria e pr\u00e1tica de Compensa\u00e7\u00e3o Previdenci\u00e1ria, na modalidade EAD (Ensino \u00e0 Dist\u00e2ncia), sendo 15 aulas gravadas, totalizando 05 horas de curso, e mais 01 hora de tira-d\u00favidas on-line com o consultor t\u00e9cnico.<\/h4>\n\n\n\n<h3 class=\"has-text-align-center has-vivid-cyan-blue-color has-text-color\">Assista \u00e0s aulas de onde quiser, quando quiser e quantas vezes quiser!<\/h3>\n\n\n\n<p><br><\/p>\n\n\n\n<h4 class=\"has-vivid-cyan-blue-color has-text-color\"><strong>Consultor T\u00e9cnico<\/strong><\/h4>\n\n\n\n<h4><strong>Fabiano Hernandes de Assis<br><\/strong>Bacharel em Sistemas de Informa\u00e7\u00e3o, respons\u00e1vel pela ComPrev na RioPretoPrev (RPPS de S\u00e3o Jos\u00e9 do Rio Preto\/SP) desde 2014. J\u00e1 ministrou palestras e treinamentos para mais de 100 Regimes Pr\u00f3prios dos Estados das regi\u00f5es Sudeste, Sul e Centro-oeste. Palestrante no 1\u00ba Semin\u00e1rio Estadual de RPPSs, promovido pela Escola de Contas do Tribunal de Contas do Estado de Minas Gerais, abordando o tema &#8220;A import\u00e2ncia da COMPREV para obten\u00e7\u00e3o de novos Recursos Financeiros para o RPPS&#8221;, com p\u00fablico de mais de 250 pessoas.<\/h4>\n\n\n\n<p><br><\/p>\n\n\n\n<h4 class=\"has-vivid-cyan-blue-color has-text-color\"><strong>Objetivo do Curso<\/strong><\/h4>\n\n\n\n<h4>Preparar os gestores e servidores dos Regimes Pr\u00f3prios de Previd\u00eancia Social a operacionalizar a compensa\u00e7\u00e3o previdenci\u00e1ria entre os regimes, compreendo as normativas que regem a mat\u00e9ria, os novos desdobramentos e as provid\u00eancias pr\u00e1ticas administrativas.<\/h4>\n\n\n\n<h4 class=\"has-vivid-cyan-blue-color has-text-color\"><strong>P\u00fablico-alvo<\/strong><\/h4>\n\n\n\n<h4>Gestores, servidores e membros dos conselhos que atuam no RPPS com a compensa\u00e7\u00e3o previdenci\u00e1ria ou que desejam adquirir conhecimento na gest\u00e3o previdenci\u00e1ria.<\/h4>\n\n\n\n<h4 class=\"has-vivid-cyan-blue-color has-text-color\"><strong>Conte\u00fado Program\u00e1tico<\/strong><\/h4>\n\n\n\n<h4><strong>M\u00f3dulo 01 &#8211; Teoria da Compensa\u00e7\u00e3o Previdenci\u00e1ria<\/strong><\/h4>\n\n\n\n<ul><li><strong>Aula 01 &#8211; Conceitos e Normas da ComPrev<\/strong><\/li><li><strong>Aula 02 &#8211; Prazos relacionados a requerimentos e pagamentos<\/strong><\/li><li><strong>Aula 03 &#8211; Metodologias de c\u00e1lculos da compensa\u00e7\u00e3o<\/strong><\/li><li><strong>Aula 04 &#8211; Primeiros passos para a ComPrev<\/strong><\/li><\/ul>\n\n\n\n<h4><strong>M\u00f3dulo 02 &#8211; Pr\u00e1tica de Compensa\u00e7\u00e3o Previdenci\u00e1ria<\/strong><\/h4>\n\n\n\n<ul><li><strong>Aula 05 &#8211; Concess\u00e3o de acesso ao ComPrev atrav\u00e9s do Gerid<\/strong><\/li><li><strong>Aula 06 &#8211; Inclus\u00e3o de requerimento de aposentadoria<\/strong><\/li><li><strong>Aula 07 &#8211; Inclus\u00e3o de requerimento de pens\u00e3o por morte<\/strong><\/li><li><strong>Aula 08 &#8211; Atendimento de exig\u00eancias de requerimentos<\/strong><\/li><li><strong>Aula 09 &#8211; An\u00e1lise de requerimento &#8211; Suspender e Indeferir<\/strong><\/li><li><strong>Aula 10 &#8211; An\u00e1lise de requerimento &#8211; Criar exig\u00eancias<\/strong><\/li><li><strong>Aula 11 &#8211; An\u00e1lise de requerimento &#8211; Deferir<\/strong><\/li><li><strong>Aula 12 &#8211; An\u00e1lise pelo M\u00e9dico Perito<\/strong><\/li><li><strong>Aula 13 &#8211; Relat\u00f3rio operacional de requerimentos<\/strong><\/li><li><strong>Aula 14 &#8211; Relat\u00f3rio operacional de pagamentos<\/strong><\/li><li><strong>Aula 15 &#8211; Relat\u00f3rios do BG-Comprev e Abertura de chamados no SDM da Dataprev<\/strong><\/li><\/ul>\n\n\n\n<p><br><\/p>\n\n\n\n<h4 class=\"has-vivid-cyan-blue-color has-text-color\"><strong>Informa\u00e7\u00f5es Gerais<\/strong><\/h4>\n\n\n\n<h4>Inclusos, al\u00e9m das aulas:<\/h4>\n\n\n\n<ul><li><strong>Download do Material Did\u00e1tico;<\/strong><\/li><li><strong>Download das Normas atualizadas da ComPrev;<\/strong><\/li><li><strong>Certificado de Conclus\u00e3o.<\/strong><\/li><\/ul>\n\n\n\n<h4 class=\"has-vivid-cyan-blue-color has-text-color\"><strong>Carga Hor\u00e1ria<\/strong><\/h4>\n\n\n\n<ul><li><strong>05 horas em formato EAD;<\/strong><\/li><li><strong>01 hora de v\u00eddeo-confer\u00eancia com o Consultor T\u00e9cnico para tira-d\u00favidas.<\/strong><\/li><\/ul>\n\n\n\n<h3 class=\"has-vivid-cyan-blue-color has-text-color\"><strong>Investimento: R$ 1.500,00<\/strong><\/h3>\n\n\n\n<h4><strong>Para mais informa\u00e7\u00f5es, envie e-mail para <a href=\"mailto:contato@novarpps.com.br\">contato@novarpps.com.br<\/a> ou pelo <a href=\"https:\/\/api.whatsapp.com\/send?phone=5519992507510&amp;text=Ol%C3%A1!%20Estou%20no%20Site%20da%20Nova%20RPPS%20e%20preciso%20de%20informa%C3%A7%C3%B5es sobre o Curso EAD.&amp;app_absent=0\" target=\"_blank\" rel=\"noopener\">telefone\/WhatsApp (19) 99250-7510<\/a>.<\/strong><\/h4>\n\n\n\n<h5><br>Se preferir, temos tamb\u00e9m o <a href=\"https:\/\/www.novarpps.com.br\/site\/index.php\/curso-comprev-in-company\/\">curso In Company, restrito ao RPPS<\/a>, e o <a href=\"https:\/\/www.novarpps.com.br\/site\/index.php\/curso-comprev-turmas\/\">curso realizado em turmas, presencial ou on-line ao vivo<\/a>. <a href=\"https:\/\/www.novarpps.com.br\/site\/index.php\/curso-comprev\/\">Clique aqui para mais detalhes<\/a>.<\/h5>\n","protected":false},"excerpt":{"rendered":"<p>Curso completo, com toda a teoria e pr\u00e1tica de Compensa\u00e7\u00e3o Previdenci\u00e1ria, na modalidade EAD (Ensino \u00e0 Dist\u00e2ncia), sendo 15 aulas gravadas, totalizando 05 horas de curso, e mais 01 hora de tira-d\u00favidas on-line com o consultor t\u00e9cnico. Assista \u00e0s aulas de onde quiser, quando quiser e quantas vezes quiser! Consultor T\u00e9cnico Fabiano Hernandes de AssisBacharel&hellip; <br \/> <a class=\"read-more\" href=\"https:\/\/www.novarpps.com.br\/site\/curso-comprev-ead\/\">Leia mais<\/a><\/p>\n","protected":false},"author":1,"featured_media":0,"parent":0,"menu_order":0,"comment_status":"closed","ping_status":"closed","template":"","meta":[],"yoast_head":"<!-- This site is optimized with the Yoast SEO plugin v15.6.2 - https:\/\/yoast.com\/wordpress\/plugins\/seo\/ -->\n<title>Curso ComPrev - Modalidade EAD - Nova - Assessoria e Consultoria em RPPS<\/title>\n<meta name=\"robots\" content=\"index, follow, max-snippet:-1, max-image-preview:large, max-video-preview:-1\" \/>\n<link rel=\"canonical\" href=\"https:\/\/www.novarpps.com.br\/site\/curso-comprev-ead\/\" \/>\n<meta property=\"og:locale\" content=\"pt_BR\" \/>\n<meta property=\"og:type\" content=\"article\" \/>\n<meta property=\"og:title\" content=\"Curso ComPrev - Modalidade EAD - Nova - Assessoria e Consultoria em RPPS\" \/>\n<meta property=\"og:description\" content=\"Curso completo, com toda a teoria e pr\u00e1tica de Compensa\u00e7\u00e3o Previdenci\u00e1ria, na modalidade EAD (Ensino \u00e0 Dist\u00e2ncia), sendo 15 aulas gravadas, totalizando 05 horas de curso, e mais 01 hora de tira-d\u00favidas on-line com o consultor t\u00e9cnico. Assista \u00e0s aulas de onde quiser, quando quiser e quantas vezes quiser! Consultor T\u00e9cnico Fabiano Hernandes de AssisBacharel&hellip; Leia mais\" \/>\n<meta property=\"og:url\" content=\"https:\/\/www.novarpps.com.br\/site\/curso-comprev-ead\/\" \/>\n<meta property=\"og:site_name\" content=\"Nova - Assessoria e Consultoria em RPPS\" \/>\n<meta property=\"article:modified_time\" content=\"2025-10-23T15:47:14+00:00\" \/>\n<meta name=\"twitter:card\" content=\"summary_large_image\" \/>\n<meta name=\"twitter:label1\" content=\"Est. reading time\">\n\t<meta name=\"twitter:data1\" content=\"2 minutos\">\n<script type=\"application\/ld+json\" class=\"yoast-schema-graph\">{\"@context\":\"https:\/\/schema.org\",\"@graph\":[{\"@type\":\"Organization\",\"@id\":\"https:\/\/www.novarpps.com.br\/site\/#organization\",\"name\":\"Nova - Assessoria e Consultoria em RPPS\",\"url\":\"https:\/\/www.novarpps.com.br\/site\/\",\"sameAs\":[],\"logo\":{\"@type\":\"ImageObject\",\"@id\":\"https:\/\/www.novarpps.com.br\/site\/#logo\",\"inLanguage\":\"pt-BR\",\"url\":\"https:\/\/www.novarpps.com.br\/site\/wp-content\/uploads\/2021\/01\/logotipo-transp.png\",\"width\":342,\"height\":318,\"caption\":\"Nova - Assessoria e Consultoria em RPPS\"},\"image\":{\"@id\":\"https:\/\/www.novarpps.com.br\/site\/#logo\"}},{\"@type\":\"WebSite\",\"@id\":\"https:\/\/www.novarpps.com.br\/site\/#website\",\"url\":\"https:\/\/www.novarpps.com.br\/site\/\",\"name\":\"Nova - Assessoria e Consultoria em RPPS\",\"description\":\"Nova - Assessoria e Consultoria em RPPS\",\"publisher\":{\"@id\":\"https:\/\/www.novarpps.com.br\/site\/#organization\"},\"potentialAction\":[{\"@type\":\"SearchAction\",\"target\":\"https:\/\/www.novarpps.com.br\/site\/?s={search_term_string}\",\"query-input\":\"required name=search_term_string\"}],\"inLanguage\":\"pt-BR\"},{\"@type\":\"WebPage\",\"@id\":\"https:\/\/www.novarpps.com.br\/site\/curso-comprev-ead\/#webpage\",\"url\":\"https:\/\/www.novarpps.com.br\/site\/curso-comprev-ead\/\",\"name\":\"Curso ComPrev - Modalidade EAD - Nova - Assessoria e Consultoria em RPPS\",\"isPartOf\":{\"@id\":\"https:\/\/www.novarpps.com.br\/site\/#website\"},\"datePublished\":\"2021-01-17T20:48:34+00:00\",\"dateModified\":\"2025-10-23T15:47:14+00:00\",\"inLanguage\":\"pt-BR\",\"potentialAction\":[{\"@type\":\"ReadAction\",\"target\":[\"https:\/\/www.novarpps.com.br\/site\/curso-comprev-ead\/\"]}]}]}<\/script>\n<!-- \/ Yoast SEO plugin. -->","_links":{"self":[{"href":"https:\/\/www.novarpps.com.br\/site\/wp-json\/wp\/v2\/pages\/49"}],"collection":[{"href":"https:\/\/www.novarpps.com.br\/site\/wp-json\/wp\/v2\/pages"}],"about":[{"href":"https:\/\/www.novarpps.com.br\/site\/wp-json\/wp\/v2\/types\/page"}],"author":[{"embeddable":true,"href":"https:\/\/www.novarpps.com.br\/site\/wp-json\/wp\/v2\/users\/1"}],"replies":[{"embeddable":true,"href":"https:\/\/www.novarpps.com.br\/site\/wp-json\/wp\/v2\/comments?post=49"}],"version-history":[{"count":37,"href":"https:\/\/www.novarpps.com.br\/site\/wp-json\/wp\/v2\/pages\/49\/revisions"}],"predecessor-version":[{"id":606,"href":"https:\/\/www.novarpps.com.br\/site\/wp-json\/wp\/v2\/pages\/49\/revisions\/606"}],"wp:attachment":[{"href":"https:\/\/www.novarpps.com.br\/site\/wp-json\/wp\/v2\/media?parent=49"}],"curies":[{"name":"wp","href":"https:\/\/api.w.org\/{rel}","templated":true}]}}