{"id":48,"date":"2021-01-17T17:48:34","date_gmt":"2021-01-17T20:48:34","guid":{"rendered":"http:\/\/novarpps.web36f07.kinghost.net\/site\/?page_id=48"},"modified":"2025-11-26T13:38:09","modified_gmt":"2025-11-26T16:38:09","slug":"assessoria-e-consultoria","status":"publish","type":"page","link":"https:\/\/www.novarpps.com.br\/site\/assessoria-e-consultoria\/","title":{"rendered":"Assessoria e Consultoria"},"content":{"rendered":"\n<h4 class=\"has-text-align-center\">Temos uma equipe especializada para auxiliar voc\u00ea na ComPrev. Cuidamos de todo o processo: desde o Termo de Ades\u00e3o e o contrato com a Dataprev, at\u00e9 o suporte na an\u00e1lise dos requerimentos encaminhados ao seu RPPS, bem como dos benef\u00edcios concedidos. Tamb\u00e9m orientamos o envio correto dos pedidos para an\u00e1lise autom\u00e1tica e conferimos os valores recebidos a t\u00edtulo de compensa\u00e7\u00e3o previdenci\u00e1ria. <br>Tudo isso em total conformidade com as Recomenda\u00e7\u00f5es n\u00ba 001\/2021 e n\u00ba 003\/2024 do CNRPPS.<\/h4>\n\n\n\n<p><br><\/p>\n\n\n\n<h4 class=\"has-vivid-cyan-blue-color has-text-color\"><strong>Termo de Ades\u00e3o ao COMPREV e Contrato com a DataPrev<\/strong><\/h4>\n\n\n\n<h4>A partir de Abril\/2022, o CADPREV passou a fazer o controle de regularidade de crit\u00e9rios exigidos para o Certificado de Regularidade Previdenci\u00e1ria (CRP) e dois deles s\u00e3o o Termo de Ades\u00e3o e o Contrato com a DataPrev. Ent\u00e3o, se o seu RPPS ainda n\u00e3o atendeu esses requisitos, n\u00f3s podemos te orientar na elabora\u00e7\u00e3o desses documentos!<\/h4>\n\n\n\n<h4 class=\"has-vivid-cyan-blue-color has-text-color\"><strong>Per\u00edodos de Vig\u00eancia do RPPS<\/strong><\/h4>\n\n\n\n<h4>O INSS est\u00e1 cobrando compensa\u00e7\u00e3o de per\u00edodos muito antigos? Talvez seu RPPS precise verificar as vig\u00eancias na Secretaria de Previd\u00eancia! N\u00e3o pague pelo que n\u00e3o deve! Vamos te orientar a corrigir isso, fale com a gente!<\/h4>\n\n\n\n<h4 class=\"has-vivid-cyan-blue-color has-text-color\"><strong>Mapeamento da ComPrev do RPPS<\/strong><\/h4>\n\n\n\n<h4>Voc\u00ea tem o controle total e efetivo de todos os seus benef\u00edcios na ComPrev? Se n\u00e3o, pode estar renunciando receita de compensa\u00e7\u00e3o e, ainda, perdendo muito na prescri\u00e7\u00e3o de valores! Conte com a gente para mapear tudo e organizar sua compensa\u00e7\u00e3o!<\/h4>\n\n\n\n<h4 class=\"has-vivid-cyan-blue-color has-text-color\"><strong>Benef\u00edcios compens\u00e1veis<\/strong><\/h4>\n\n\n\n<h4>N\u00e3o s\u00e3o todos os benef\u00edcios concedidos pelo RPPS que t\u00eam direito \u00e0 compensa\u00e7\u00e3o, ent\u00e3o n\u00e3o vale a pena enviar tudo para ComPrev e sobrecarregar ainda mais os analistas do INSS. Podemos te ajudar a fazer uma an\u00e1lise pr\u00e9via de seus benef\u00edcios de aposentadoria e pens\u00e3o por morte, para que ganhe tempo e agilidade no envio de seus requerimentos. E ainda reduzir a quantidade de exig\u00eancias que podem ser criadas pelo Regime Destinat\u00e1rio do requerimento!<\/h4>\n\n\n\n<h4 class=\"has-vivid-cyan-blue-color has-text-color\"><strong>For\u00e7a-tarefa<\/strong><\/h4>\n\n\n\n<h4>Sua ComPrev est\u00e1 complicada? Toda paralisada e n\u00e3o sabe por onde come\u00e7ar? N\u00f3s elaboramos uma metodologia de trabalho para que juntos possamos colocar a casa em ordem, com as devidas prioridades. Vamos trabalhar juntos? Conte com a gente!<\/h4>\n\n\n\n<h4 class=\"has-vivid-cyan-blue-color has-text-color\"><strong>An\u00e1lise M\u00e9dica dos requerimentos de Invalidez<\/strong><\/h4>\n\n\n\n<h4>Neste novo sistema COMPREV, conforme o \u00edtem 3.4 do Termo de Ades\u00e3o, o RPPS quem dever\u00e1 obrigatoriamente indicar profissional m\u00e9dico habilitado para realizar o enquadramento do requerimento de ComPrev nos casos de Aposentadoria por Invalidez ou Pens\u00e3o por Morte a pensionista inv\u00e1lido. Sem essa an\u00e1lise de um m\u00e9dico, seus requerimentos de Invalidez ficam parados! Se n\u00e3o sabe o que fazer, fale conosco! Temos em nossa equipe de trabalho um M\u00e9dico Perito, devidamente habilitado, para atender tamb\u00e9m esta demanda.<\/h4>\n\n\n\n<h4 class=\"has-vivid-cyan-blue-color has-text-color\"><strong>Confer\u00eancia dos valores de compensa\u00e7\u00e3o<\/strong><\/h4>\n\n\n\n<h4>Especialistas relatam: nenhum sistema \u00e9 100% seguro e confi\u00e1vel! Pensando nisso, nossa equipe est\u00e1 preparada para te auxiliar em todas as etapas do c\u00e1lculo da ComPrev, para que nenhum valor passe sem a devida confer\u00eancia!<\/h4>\n\n\n\n<h4 class=\"has-vivid-cyan-blue-color has-text-color\"><strong>Nossos Clientes<\/strong><\/h4>\n\n\n\n<h4>Quer saber mais sobre nosso trabalho? Nada melhor do que conversar com quem j\u00e1 conhece de perto os nossos servi\u00e7os: os nossos clientes! <a href=\"https:\/\/www.novarpps.com.br\/site\/#clientes\">Clique aqui e conhe\u00e7a alguns de nossos casos de sucesso<\/a>.<\/h4>\n","protected":false},"excerpt":{"rendered":"<p>Temos uma equipe especializada para auxiliar voc\u00ea na ComPrev. Cuidamos de todo o processo: desde o Termo de Ades\u00e3o e o contrato com a Dataprev, at\u00e9 o suporte na an\u00e1lise dos requerimentos encaminhados ao seu RPPS, bem como dos benef\u00edcios concedidos. Tamb\u00e9m orientamos o envio correto dos pedidos para an\u00e1lise autom\u00e1tica e conferimos os valores&hellip; <br \/> <a class=\"read-more\" href=\"https:\/\/www.novarpps.com.br\/site\/assessoria-e-consultoria\/\">Leia mais<\/a><\/p>\n","protected":false},"author":1,"featured_media":0,"parent":0,"menu_order":0,"comment_status":"closed","ping_status":"closed","template":"","meta":[],"yoast_head":"<!-- This site is optimized with the Yoast SEO plugin v15.6.2 - https:\/\/yoast.com\/wordpress\/plugins\/seo\/ -->\n<title>Assessoria e Consultoria - Nova - Assessoria e Consultoria em RPPS<\/title>\n<meta name=\"robots\" content=\"index, follow, max-snippet:-1, max-image-preview:large, max-video-preview:-1\" \/>\n<link rel=\"canonical\" href=\"https:\/\/www.novarpps.com.br\/site\/assessoria-e-consultoria\/\" \/>\n<meta property=\"og:locale\" content=\"pt_BR\" \/>\n<meta property=\"og:type\" content=\"article\" \/>\n<meta property=\"og:title\" content=\"Assessoria e Consultoria - Nova - Assessoria e Consultoria em RPPS\" \/>\n<meta property=\"og:description\" content=\"Temos uma equipe especializada para auxiliar voc\u00ea na ComPrev. Cuidamos de todo o processo: desde o Termo de Ades\u00e3o e o contrato com a Dataprev, at\u00e9 o suporte na an\u00e1lise dos requerimentos encaminhados ao seu RPPS, bem como dos benef\u00edcios concedidos. Tamb\u00e9m orientamos o envio correto dos pedidos para an\u00e1lise autom\u00e1tica e conferimos os valores&hellip; Leia mais\" \/>\n<meta property=\"og:url\" content=\"https:\/\/www.novarpps.com.br\/site\/assessoria-e-consultoria\/\" \/>\n<meta property=\"og:site_name\" content=\"Nova - Assessoria e Consultoria em RPPS\" \/>\n<meta property=\"article:modified_time\" content=\"2025-11-26T16:38:09+00:00\" \/>\n<meta name=\"twitter:card\" content=\"summary_large_image\" \/>\n<meta name=\"twitter:label1\" content=\"Est. reading time\">\n\t<meta name=\"twitter:data1\" content=\"3 minutos\">\n<script type=\"application\/ld+json\" class=\"yoast-schema-graph\">{\"@context\":\"https:\/\/schema.org\",\"@graph\":[{\"@type\":\"Organization\",\"@id\":\"https:\/\/www.novarpps.com.br\/site\/#organization\",\"name\":\"Nova - Assessoria e Consultoria em RPPS\",\"url\":\"https:\/\/www.novarpps.com.br\/site\/\",\"sameAs\":[],\"logo\":{\"@type\":\"ImageObject\",\"@id\":\"https:\/\/www.novarpps.com.br\/site\/#logo\",\"inLanguage\":\"pt-BR\",\"url\":\"https:\/\/www.novarpps.com.br\/site\/wp-content\/uploads\/2021\/01\/logotipo-transp.png\",\"width\":342,\"height\":318,\"caption\":\"Nova - Assessoria e Consultoria em RPPS\"},\"image\":{\"@id\":\"https:\/\/www.novarpps.com.br\/site\/#logo\"}},{\"@type\":\"WebSite\",\"@id\":\"https:\/\/www.novarpps.com.br\/site\/#website\",\"url\":\"https:\/\/www.novarpps.com.br\/site\/\",\"name\":\"Nova - Assessoria e Consultoria em RPPS\",\"description\":\"Nova - Assessoria e Consultoria em RPPS\",\"publisher\":{\"@id\":\"https:\/\/www.novarpps.com.br\/site\/#organization\"},\"potentialAction\":[{\"@type\":\"SearchAction\",\"target\":\"https:\/\/www.novarpps.com.br\/site\/?s={search_term_string}\",\"query-input\":\"required name=search_term_string\"}],\"inLanguage\":\"pt-BR\"},{\"@type\":\"WebPage\",\"@id\":\"https:\/\/www.novarpps.com.br\/site\/assessoria-e-consultoria\/#webpage\",\"url\":\"https:\/\/www.novarpps.com.br\/site\/assessoria-e-consultoria\/\",\"name\":\"Assessoria e Consultoria - Nova - Assessoria e Consultoria em RPPS\",\"isPartOf\":{\"@id\":\"https:\/\/www.novarpps.com.br\/site\/#website\"},\"datePublished\":\"2021-01-17T20:48:34+00:00\",\"dateModified\":\"2025-11-26T16:38:09+00:00\",\"inLanguage\":\"pt-BR\",\"potentialAction\":[{\"@type\":\"ReadAction\",\"target\":[\"https:\/\/www.novarpps.com.br\/site\/assessoria-e-consultoria\/\"]}]}]}<\/script>\n<!-- \/ Yoast SEO plugin. -->","_links":{"self":[{"href":"https:\/\/www.novarpps.com.br\/site\/wp-json\/wp\/v2\/pages\/48"}],"collection":[{"href":"https:\/\/www.novarpps.com.br\/site\/wp-json\/wp\/v2\/pages"}],"about":[{"href":"https:\/\/www.novarpps.com.br\/site\/wp-json\/wp\/v2\/types\/page"}],"author":[{"embeddable":true,"href":"https:\/\/www.novarpps.com.br\/site\/wp-json\/wp\/v2\/users\/1"}],"replies":[{"embeddable":true,"href":"https:\/\/www.novarpps.com.br\/site\/wp-json\/wp\/v2\/comments?post=48"}],"version-history":[{"count":13,"href":"https:\/\/www.novarpps.com.br\/site\/wp-json\/wp\/v2\/pages\/48\/revisions"}],"predecessor-version":[{"id":617,"href":"https:\/\/www.novarpps.com.br\/site\/wp-json\/wp\/v2\/pages\/48\/revisions\/617"}],"wp:attachment":[{"href":"https:\/\/www.novarpps.com.br\/site\/wp-json\/wp\/v2\/media?parent=48"}],"curies":[{"name":"wp","href":"https:\/\/api.w.org\/{rel}","templated":true}]}}