{"id":47,"date":"2021-01-17T17:48:34","date_gmt":"2021-01-17T20:48:34","guid":{"rendered":"http:\/\/novarpps.web36f07.kinghost.net\/site\/?page_id=47"},"modified":"2021-01-21T18:16:17","modified_gmt":"2021-01-21T21:16:17","slug":"outros-servicos","status":"publish","type":"page","link":"https:\/\/www.novarpps.com.br\/site\/outros-servicos\/","title":{"rendered":"Outros Servi\u00e7os"},"content":{"rendered":"\n<p>A empresa visa dar suporte a RPPS de diversos munic\u00edpios atuando na administra\u00e7\u00e3o e reorganiza\u00e7\u00e3o dos Regime Pr\u00f3prios, proporcionando aos gestores:<\/p>\n\n\n\n<p>\u2714 Assessoria e consultoria em gest\u00e3o administrativa e reorganiza\u00e7\u00e3o de regimes pr\u00f3prios de previd\u00eancia social;<br>\u2714 An\u00e1lise de enquadramento das regras para concess\u00e3o de aposentadoria ou pens\u00e3o;<br>\u2714 Realiza\u00e7\u00e3o de revis\u00f5es em processos de aposentadorias e pens\u00f5es \u00e0 medida que forem editadas normas, com novas exig\u00eancias pelo Minist\u00e9rio da Economia e Tribunal de Contas do Estado;\u00a0<br>\u2714 An\u00e1lise e elabora\u00e7\u00e3o dos processos administrativos de concess\u00e3o de benef\u00edcios previdenci\u00e1rios;<br>\u2714 Encaminhamento e acompanhamento de processos de aposentadorias e pens\u00f5es perante os Tribunais de Contas.<\/p>\n","protected":false},"excerpt":{"rendered":"<p>A empresa visa dar suporte a RPPS de diversos munic\u00edpios atuando na administra\u00e7\u00e3o e reorganiza\u00e7\u00e3o dos Regime Pr\u00f3prios, proporcionando aos gestores: \u2714 Assessoria e consultoria em gest\u00e3o administrativa e reorganiza\u00e7\u00e3o de regimes pr\u00f3prios de previd\u00eancia social;\u2714 An\u00e1lise de enquadramento das regras para concess\u00e3o de aposentadoria ou pens\u00e3o;\u2714 Realiza\u00e7\u00e3o de revis\u00f5es em processos de aposentadorias e&hellip; <br \/> <a class=\"read-more\" href=\"https:\/\/www.novarpps.com.br\/site\/outros-servicos\/\">Leia mais<\/a><\/p>\n","protected":false},"author":1,"featured_media":0,"parent":0,"menu_order":0,"comment_status":"closed","ping_status":"closed","template":"","meta":[],"yoast_head":"<!-- This site is optimized with the Yoast SEO plugin v15.6.2 - https:\/\/yoast.com\/wordpress\/plugins\/seo\/ -->\n<title>Outros Servi\u00e7os - Nova - Assessoria e Consultoria em RPPS<\/title>\n<meta name=\"robots\" content=\"index, follow, max-snippet:-1, max-image-preview:large, max-video-preview:-1\" \/>\n<link rel=\"canonical\" href=\"https:\/\/www.novarpps.com.br\/site\/outros-servicos\/\" \/>\n<meta property=\"og:locale\" content=\"pt_BR\" \/>\n<meta property=\"og:type\" content=\"article\" \/>\n<meta property=\"og:title\" content=\"Outros Servi\u00e7os - Nova - Assessoria e Consultoria em RPPS\" \/>\n<meta property=\"og:description\" content=\"A empresa visa dar suporte a RPPS de diversos munic\u00edpios atuando na administra\u00e7\u00e3o e reorganiza\u00e7\u00e3o dos Regime Pr\u00f3prios, proporcionando aos gestores: \u2714 Assessoria e consultoria em gest\u00e3o administrativa e reorganiza\u00e7\u00e3o de regimes pr\u00f3prios de previd\u00eancia social;\u2714 An\u00e1lise de enquadramento das regras para concess\u00e3o de aposentadoria ou pens\u00e3o;\u2714 Realiza\u00e7\u00e3o de revis\u00f5es em processos de aposentadorias e&hellip; Leia mais\" \/>\n<meta property=\"og:url\" content=\"https:\/\/www.novarpps.com.br\/site\/outros-servicos\/\" \/>\n<meta property=\"og:site_name\" content=\"Nova - Assessoria e Consultoria em RPPS\" \/>\n<meta property=\"article:modified_time\" content=\"2021-01-21T21:16:17+00:00\" \/>\n<meta name=\"twitter:card\" content=\"summary_large_image\" \/>\n<meta name=\"twitter:label1\" content=\"Est. reading time\">\n\t<meta name=\"twitter:data1\" content=\"1 minuto\">\n<script type=\"application\/ld+json\" class=\"yoast-schema-graph\">{\"@context\":\"https:\/\/schema.org\",\"@graph\":[{\"@type\":\"Organization\",\"@id\":\"https:\/\/www.novarpps.com.br\/site\/#organization\",\"name\":\"Nova - Assessoria e Consultoria em RPPS\",\"url\":\"https:\/\/www.novarpps.com.br\/site\/\",\"sameAs\":[],\"logo\":{\"@type\":\"ImageObject\",\"@id\":\"https:\/\/www.novarpps.com.br\/site\/#logo\",\"inLanguage\":\"pt-BR\",\"url\":\"https:\/\/www.novarpps.com.br\/site\/wp-content\/uploads\/2021\/01\/logotipo-transp.png\",\"width\":342,\"height\":318,\"caption\":\"Nova - Assessoria e Consultoria em RPPS\"},\"image\":{\"@id\":\"https:\/\/www.novarpps.com.br\/site\/#logo\"}},{\"@type\":\"WebSite\",\"@id\":\"https:\/\/www.novarpps.com.br\/site\/#website\",\"url\":\"https:\/\/www.novarpps.com.br\/site\/\",\"name\":\"Nova - Assessoria e Consultoria em RPPS\",\"description\":\"Nova - Assessoria e Consultoria em RPPS\",\"publisher\":{\"@id\":\"https:\/\/www.novarpps.com.br\/site\/#organization\"},\"potentialAction\":[{\"@type\":\"SearchAction\",\"target\":\"https:\/\/www.novarpps.com.br\/site\/?s={search_term_string}\",\"query-input\":\"required name=search_term_string\"}],\"inLanguage\":\"pt-BR\"},{\"@type\":\"WebPage\",\"@id\":\"https:\/\/www.novarpps.com.br\/site\/outros-servicos\/#webpage\",\"url\":\"https:\/\/www.novarpps.com.br\/site\/outros-servicos\/\",\"name\":\"Outros Servi\\u00e7os - Nova - Assessoria e Consultoria em RPPS\",\"isPartOf\":{\"@id\":\"https:\/\/www.novarpps.com.br\/site\/#website\"},\"datePublished\":\"2021-01-17T20:48:34+00:00\",\"dateModified\":\"2021-01-21T21:16:17+00:00\",\"inLanguage\":\"pt-BR\",\"potentialAction\":[{\"@type\":\"ReadAction\",\"target\":[\"https:\/\/www.novarpps.com.br\/site\/outros-servicos\/\"]}]}]}<\/script>\n<!-- \/ Yoast SEO plugin. -->","_links":{"self":[{"href":"https:\/\/www.novarpps.com.br\/site\/wp-json\/wp\/v2\/pages\/47"}],"collection":[{"href":"https:\/\/www.novarpps.com.br\/site\/wp-json\/wp\/v2\/pages"}],"about":[{"href":"https:\/\/www.novarpps.com.br\/site\/wp-json\/wp\/v2\/types\/page"}],"author":[{"embeddable":true,"href":"https:\/\/www.novarpps.com.br\/site\/wp-json\/wp\/v2\/users\/1"}],"replies":[{"embeddable":true,"href":"https:\/\/www.novarpps.com.br\/site\/wp-json\/wp\/v2\/comments?post=47"}],"version-history":[{"count":3,"href":"https:\/\/www.novarpps.com.br\/site\/wp-json\/wp\/v2\/pages\/47\/revisions"}],"predecessor-version":[{"id":156,"href":"https:\/\/www.novarpps.com.br\/site\/wp-json\/wp\/v2\/pages\/47\/revisions\/156"}],"wp:attachment":[{"href":"https:\/\/www.novarpps.com.br\/site\/wp-json\/wp\/v2\/media?parent=47"}],"curies":[{"name":"wp","href":"https:\/\/api.w.org\/{rel}","templated":true}]}}