{"id":333,"date":"2022-04-10T16:00:29","date_gmt":"2022-04-10T19:00:29","guid":{"rendered":"https:\/\/www.novarpps.com.br\/site\/?page_id=333"},"modified":"2025-11-26T13:40:11","modified_gmt":"2025-11-26T16:40:11","slug":"curso-comprev-turmas","status":"publish","type":"page","link":"https:\/\/www.novarpps.com.br\/site\/curso-comprev-turmas\/","title":{"rendered":"Cursos Presenciais"},"content":{"rendered":"\n<h4 class=\"has-text-align-center\">Curso completo, com toda a teoria e pr\u00e1tica de Compensa\u00e7\u00e3o Previdenci\u00e1ria, com dura\u00e7\u00e3o de 08 horas de treinamento. Confira os locais e datas no final da p\u00e1gina e fa\u00e7a sua inscri\u00e7\u00e3o!<br>Tudo isso em total conformidade com as Recomenda\u00e7\u00f5es n\u00ba 001\/2021 e n\u00ba 003\/2024 do CNRPPS.<\/h4>\n\n\n\n<p><br><\/p>\n\n\n\n<h4 class=\"has-vivid-cyan-blue-color has-text-color\"><strong>Consultor T\u00e9cnico<\/strong><\/h4>\n\n\n\n<h4><img loading=\"lazy\" width=\"320\" height=\"320\" class=\"wp-image-422\" style=\"width: 150px;\" src=\"https:\/\/www.novarpps.com.br\/site\/wp-content\/uploads\/2022\/05\/Fabiano.jpg\" alt=\"\" srcset=\"https:\/\/www.novarpps.com.br\/site\/wp-content\/uploads\/2022\/05\/Fabiano.jpg 320w, https:\/\/www.novarpps.com.br\/site\/wp-content\/uploads\/2022\/05\/Fabiano-300x300.jpg 300w, https:\/\/www.novarpps.com.br\/site\/wp-content\/uploads\/2022\/05\/Fabiano-150x150.jpg 150w\" sizes=\"(max-width: 320px) 100vw, 320px\" \/><br><strong>Fabiano Hernandes de Assis<br><\/strong>Bacharel em Sistemas de Informa\u00e7\u00e3o, respons\u00e1vel pela ComPrev na RioPretoPrev (RPPS de S\u00e3o Jos\u00e9 do Rio Preto\/SP) desde 2014. J\u00e1 ministrou palestras e treinamentos para mais de 100 Regimes Pr\u00f3prios dos Estados das regi\u00f5es Sudeste, Sul e Centro-oeste. Palestrante no 1\u00ba Semin\u00e1rio Estadual de RPPSs, promovido pela Escola de Contas do Tribunal de Contas do Estado de Minas Gerais, abordando o tema &#8220;A import\u00e2ncia da COMPREV para obten\u00e7\u00e3o de novos Recursos Financeiros para o RPPS&#8221;, com p\u00fablico de mais de 250 pessoas.<\/h4>\n\n\n\n<p><br><\/p>\n\n\n\n<h4 class=\"has-vivid-cyan-blue-color has-text-color\"><strong>Objetivo do Curso<\/strong><\/h4>\n\n\n\n<h4>Preparar os gestores e servidores dos Regimes Pr\u00f3prios de Previd\u00eancia Social a operacionalizar a compensa\u00e7\u00e3o previdenci\u00e1ria entre os regimes, compreendo as normativas que regem a mat\u00e9ria, os novos desdobramentos e as provid\u00eancias pr\u00e1ticas administrativas.<\/h4>\n\n\n\n<h4 class=\"has-vivid-cyan-blue-color has-text-color\"><strong>P\u00fablico-alvo<\/strong><\/h4>\n\n\n\n<h4>Gestores, servidores e membros dos conselhos que atuam no RPPS com a compensa\u00e7\u00e3o previdenci\u00e1ria ou que desejam adquirir conhecimento na gest\u00e3o previdenci\u00e1ria.<\/h4>\n\n\n\n<h4 class=\"has-vivid-cyan-blue-color has-text-color\"><strong>Conte\u00fado Program\u00e1tico<\/strong><\/h4>\n\n\n\n<h4><strong>Conceitos e Normas da ComPrev<\/strong><\/h4>\n\n\n\n<ul><li><strong>Conceito da Compensa\u00e7\u00e3o Previdenci\u00e1ria e suas principais normas;<\/strong><\/li><li><strong>Terminologia da ComPrev: conceitos e aplica\u00e7\u00f5es;<\/strong><\/li><li><strong>Benef\u00edcios previdenci\u00e1rios que s\u00e3o pass\u00edveis de compensa\u00e7\u00e3o;<\/strong><\/li><li><strong>Informa\u00e7\u00f5es e documentos que devem ser enviados junto aos<\/strong> <strong>requerimentos;<\/strong><\/li><li><strong>Conceito de requerimento \u201csemi-automatizado\u201d e previs\u00e3o de<\/strong> <strong>implanta\u00e7\u00e3o;<\/strong><\/li><li><strong>Outras disposi\u00e7\u00f5es sobre a compensa\u00e7\u00e3o previdenci\u00e1ria;<\/strong><\/li><\/ul>\n\n\n\n<h4><strong>Prazos relacionados a requerimentos e pagamentos<\/strong><\/h4>\n\n\n\n<ul><li><strong>Prazo para envio de requerimentos e a prescri\u00e7\u00e3o de valores da compensa\u00e7\u00e3o;<\/strong><\/li><li><strong>Prazo para an\u00e1lise de requerimentos e consequ\u00eancias de sua inobserv\u00e2ncia;<\/strong><\/li><li><strong>Fechamento financeiro da compensa\u00e7\u00e3o e prazo de pagamento;<\/strong><\/li><\/ul>\n\n\n\n<h4><strong>Metodologias de c\u00e1lculos da compensa\u00e7\u00e3o<\/strong><\/h4>\n\n\n\n<ul><li><strong>C\u00e1lculo da compensa\u00e7\u00e3o de requerimento<\/strong>;<\/li><li><strong>C\u00e1lculo do Estoque e do Fluxo Passivo do requerimento;<\/strong><\/li><\/ul>\n\n\n\n<h4><strong>Aspectos gerais sobre o pagamento da compensa\u00e7\u00e3o<\/strong><\/h4>\n\n\n\n<ul><li><strong>Orienta\u00e7\u00f5es sobre parcelamento do pagamento do Estoque;<\/strong><\/li><li><strong>Instru\u00e7\u00f5es sobre o pagamento de compensa\u00e7\u00e3o ao INSS;<\/strong><\/li><\/ul>\n\n\n\n<h4><strong>Primeiros passos para a ComPrev<\/strong><\/h4>\n\n\n\n<ul><li><strong>Informa\u00e7\u00f5es sobre o Termo de Ades\u00e3o;<\/strong><\/li><li><strong>Orienta\u00e7\u00f5es para contrata\u00e7\u00e3o da DataPrev;<\/strong><\/li><\/ul>\n\n\n\n<h4><strong>Configura\u00e7\u00f5es iniciais do novo sistema ComPrev<\/strong><\/h4>\n\n\n\n<ul><li><strong>Concess\u00e3o de acesso a operadores do Novo ComPrev atrav\u00e9s do sistema<\/strong> <strong>Gerid 6;<\/strong><\/li><li><strong>Altera\u00e7\u00e3o e revoga\u00e7\u00e3o de acesso a operadores;<\/strong><\/li><li><strong>Defini\u00e7\u00e3o ou renova\u00e7\u00e3o de senha de acesso ao sistema ComPrev;<\/strong><\/li><\/ul>\n\n\n\n<h4><strong>Apresenta\u00e7\u00e3o inicial do sistema<\/strong><\/h4>\n\n\n\n<ul><li><strong>Apresenta\u00e7\u00e3o inicial do novo sistema e seus requisitos;<\/strong><\/li><li><strong>Terminologia de situa\u00e7\u00f5es dos requerimentos no novo sistema;<\/strong><\/li><\/ul>\n\n\n\n<h4><strong>Cadastro e an\u00e1lise de requerimentos<\/strong><\/h4>\n\n\n\n<ul><li><strong>Inclus\u00e3o de requerimento de aposentadoria;<\/strong><\/li><li><strong>Inclus\u00e3o de requerimento de pens\u00e3o por morte;<\/strong><\/li><li><strong>Atendimento de exig\u00eancias de requerimentos do antigo e do novo sistema;<\/strong><\/li><li><strong>An\u00e1lise de requerimento do RGPS;<\/strong><\/li><li><strong>Consulta de dados e documentos de requerimentos;<\/strong><\/li><li><strong>Cessa\u00e7\u00e3o de pagamento de compensa\u00e7\u00f5es por \u00f3bito e outros motivos;<\/strong><\/li><\/ul>\n\n\n\n<h4><strong>Relat\u00f3rios operacionais e de gest\u00e3o da ComPrev<\/strong><\/h4>\n\n\n\n<ul><li><strong>Relat\u00f3rio operacional de requerimentos por compet\u00eancia e situa\u00e7\u00e3o;<\/strong><\/li><li><strong>Relat\u00f3rio operacional de pagamentos por compet\u00eancia;<\/strong><\/li><li><strong>Relat\u00f3rios da base de gest\u00e3o gerados atrav\u00e9s do BG-Comprev;<\/strong><\/li><li><strong>Abertura e acompanhamento de chamados no sistema SDM da Dataprev<\/strong>.<\/li><\/ul>\n\n\n\n<p><br><\/p>\n\n\n\n<h4 class=\"has-vivid-cyan-blue-color has-text-color\"><strong>Informa\u00e7\u00f5es Gerais<\/strong><\/h4>\n\n\n\n<h4>Em raz\u00e3o de qu\u00f3rum m\u00ednimo de 20 participantes, necess\u00e1rio para o adequado desenvolvimento do curso, reservamo-nos no direito de prorrogar ou cancelar o evento, sendo o respons\u00e1vel pela inscri\u00e7\u00e3o informado com 72 horas de anteced\u00eancia atrav\u00e9s do e-mail ou telefone indicado na ficha de inscri\u00e7\u00e3o. Solicitamos que aguarde este prazo para provid\u00eancias necess\u00e1rias ao seu comparecimento.<br>Incluso no treinamento:<\/h4>\n\n\n\n<ul><li><strong>Material Did\u00e1tico;<\/strong><\/li><li><strong>Arquivo com as Normas atualizadas da ComPrev;<\/strong><\/li><li><strong>Certificado de Conclus\u00e3o aos participantes.<\/strong><\/li><\/ul>\n\n\n\n<h4 class=\"has-vivid-cyan-blue-color has-text-color\"><strong>O que levar para o curso?<\/strong><\/h4>\n\n\n\n<ul><li><strong>Notebook;<\/strong><\/li><li><strong>Senha de acesso ao Sistema COMPREV, se j\u00e1 tiver;<\/strong><\/li><li><strong>Processos digitalizados em arquivos PDF, de Aposentadoria e Pens\u00e3o por Morte. Faremos os requerimentos de compensa\u00e7\u00e3o e\/ou analisaremos os casos de d\u00favidas sobre documenta\u00e7\u00e3o e procedimentos.<\/strong><\/li><\/ul>\n\n\n\n<h4 class=\"has-vivid-cyan-blue-color has-text-color\"><strong>Carga Hor\u00e1ria<\/strong><\/h4>\n\n\n\n<ul><li><strong>08 horas.<\/strong><\/li><\/ul>\n\n\n\n<p><\/p>\n\n\n\n<h3 class=\"has-vivid-cyan-blue-color has-text-color\"><strong>Locais e Datas das pr\u00f3ximas turmas<\/strong><\/h3>\n\n\n\n<h4 class=\"has-white-color has-vivid-cyan-blue-background-color has-text-color has-background\">A definir <\/h4>\n\n\n\n<h4><br><strong>Para mais informa\u00e7\u00f5es, envie e-mail para <a href=\"mailto:contato@novarpps.com.br\">contato@novarpps.com.br<\/a> ou pelo <a href=\"https:\/\/api.whatsapp.com\/send?phone=5519992507510&amp;text=Ol%C3%A1!%20Estou%20no%20Site%20da%20Nova%20RPPS%20e%20preciso%20de%20informa%C3%A7%C3%B5es sobre o Curso In Company.&amp;app_absent=0\" target=\"_blank\" rel=\"noopener\">telefone\/WhatsApp (19) 99250-7510<\/a>.<\/strong><\/h4>\n\n\n\n<h5><br>Se preferir, temos tamb\u00e9m o <a href=\"https:\/\/www.novarpps.com.br\/site\/index.php\/curso-comprev-ead\/\">curso na modalidade Ensino \u00e0 Dist\u00e2ncia, com aulas gravadas<\/a>, e o <a href=\"https:\/\/www.novarpps.com.br\/site\/index.php\/curso-comprev-in-company\">curso In Company, restrito ao RPPS<\/a>. <a href=\"https:\/\/www.novarpps.com.br\/site\/index.php\/curso-comprev\/\">Clique aqui para mais detalhes<\/a>.<\/h5>\n","protected":false},"excerpt":{"rendered":"<p>Curso completo, com toda a teoria e pr\u00e1tica de Compensa\u00e7\u00e3o Previdenci\u00e1ria, com dura\u00e7\u00e3o de 08 horas de treinamento. Confira os locais e datas no final da p\u00e1gina e fa\u00e7a sua inscri\u00e7\u00e3o!Tudo isso em total conformidade com as Recomenda\u00e7\u00f5es n\u00ba 001\/2021 e n\u00ba 003\/2024 do CNRPPS. Consultor T\u00e9cnico Fabiano Hernandes de AssisBacharel em Sistemas de Informa\u00e7\u00e3o,&hellip; <br \/> <a class=\"read-more\" href=\"https:\/\/www.novarpps.com.br\/site\/curso-comprev-turmas\/\">Leia mais<\/a><\/p>\n","protected":false},"author":1,"featured_media":0,"parent":0,"menu_order":0,"comment_status":"closed","ping_status":"closed","template":"","meta":[],"yoast_head":"<!-- This site is optimized with the Yoast SEO plugin v15.6.2 - https:\/\/yoast.com\/wordpress\/plugins\/seo\/ -->\n<title>Cursos Presenciais - Nova - Assessoria e Consultoria em RPPS<\/title>\n<meta name=\"robots\" content=\"index, follow, max-snippet:-1, max-image-preview:large, max-video-preview:-1\" \/>\n<link rel=\"canonical\" href=\"https:\/\/www.novarpps.com.br\/site\/curso-comprev-turmas\/\" \/>\n<meta property=\"og:locale\" content=\"pt_BR\" \/>\n<meta property=\"og:type\" content=\"article\" \/>\n<meta property=\"og:title\" content=\"Cursos Presenciais - Nova - Assessoria e Consultoria em RPPS\" \/>\n<meta property=\"og:description\" content=\"Curso completo, com toda a teoria e pr\u00e1tica de Compensa\u00e7\u00e3o Previdenci\u00e1ria, com dura\u00e7\u00e3o de 08 horas de treinamento. Confira os locais e datas no final da p\u00e1gina e fa\u00e7a sua inscri\u00e7\u00e3o!Tudo isso em total conformidade com as Recomenda\u00e7\u00f5es n\u00ba 001\/2021 e n\u00ba 003\/2024 do CNRPPS. Consultor T\u00e9cnico Fabiano Hernandes de AssisBacharel em Sistemas de Informa\u00e7\u00e3o,&hellip; Leia mais\" \/>\n<meta property=\"og:url\" content=\"https:\/\/www.novarpps.com.br\/site\/curso-comprev-turmas\/\" \/>\n<meta property=\"og:site_name\" content=\"Nova - Assessoria e Consultoria em RPPS\" \/>\n<meta property=\"article:modified_time\" content=\"2025-11-26T16:40:11+00:00\" \/>\n<meta property=\"og:image\" content=\"https:\/\/www.novarpps.com.br\/site\/wp-content\/uploads\/2022\/05\/Fabiano.jpg\" \/>\n<meta name=\"twitter:card\" content=\"summary_large_image\" \/>\n<meta name=\"twitter:label1\" content=\"Est. reading time\">\n\t<meta name=\"twitter:data1\" content=\"4 minutos\">\n<script type=\"application\/ld+json\" class=\"yoast-schema-graph\">{\"@context\":\"https:\/\/schema.org\",\"@graph\":[{\"@type\":\"Organization\",\"@id\":\"https:\/\/www.novarpps.com.br\/site\/#organization\",\"name\":\"Nova - Assessoria e Consultoria em RPPS\",\"url\":\"https:\/\/www.novarpps.com.br\/site\/\",\"sameAs\":[],\"logo\":{\"@type\":\"ImageObject\",\"@id\":\"https:\/\/www.novarpps.com.br\/site\/#logo\",\"inLanguage\":\"pt-BR\",\"url\":\"https:\/\/www.novarpps.com.br\/site\/wp-content\/uploads\/2021\/01\/logotipo-transp.png\",\"width\":342,\"height\":318,\"caption\":\"Nova - Assessoria e Consultoria em RPPS\"},\"image\":{\"@id\":\"https:\/\/www.novarpps.com.br\/site\/#logo\"}},{\"@type\":\"WebSite\",\"@id\":\"https:\/\/www.novarpps.com.br\/site\/#website\",\"url\":\"https:\/\/www.novarpps.com.br\/site\/\",\"name\":\"Nova - Assessoria e Consultoria em RPPS\",\"description\":\"Nova - Assessoria e Consultoria em RPPS\",\"publisher\":{\"@id\":\"https:\/\/www.novarpps.com.br\/site\/#organization\"},\"potentialAction\":[{\"@type\":\"SearchAction\",\"target\":\"https:\/\/www.novarpps.com.br\/site\/?s={search_term_string}\",\"query-input\":\"required name=search_term_string\"}],\"inLanguage\":\"pt-BR\"},{\"@type\":\"ImageObject\",\"@id\":\"https:\/\/www.novarpps.com.br\/site\/curso-comprev-turmas\/#primaryimage\",\"inLanguage\":\"pt-BR\",\"url\":\"https:\/\/www.novarpps.com.br\/site\/wp-content\/uploads\/2022\/05\/Fabiano.jpg\",\"width\":320,\"height\":320},{\"@type\":\"WebPage\",\"@id\":\"https:\/\/www.novarpps.com.br\/site\/curso-comprev-turmas\/#webpage\",\"url\":\"https:\/\/www.novarpps.com.br\/site\/curso-comprev-turmas\/\",\"name\":\"Cursos Presenciais - Nova - Assessoria e Consultoria em RPPS\",\"isPartOf\":{\"@id\":\"https:\/\/www.novarpps.com.br\/site\/#website\"},\"primaryImageOfPage\":{\"@id\":\"https:\/\/www.novarpps.com.br\/site\/curso-comprev-turmas\/#primaryimage\"},\"datePublished\":\"2022-04-10T19:00:29+00:00\",\"dateModified\":\"2025-11-26T16:40:11+00:00\",\"inLanguage\":\"pt-BR\",\"potentialAction\":[{\"@type\":\"ReadAction\",\"target\":[\"https:\/\/www.novarpps.com.br\/site\/curso-comprev-turmas\/\"]}]}]}<\/script>\n<!-- \/ Yoast SEO plugin. -->","_links":{"self":[{"href":"https:\/\/www.novarpps.com.br\/site\/wp-json\/wp\/v2\/pages\/333"}],"collection":[{"href":"https:\/\/www.novarpps.com.br\/site\/wp-json\/wp\/v2\/pages"}],"about":[{"href":"https:\/\/www.novarpps.com.br\/site\/wp-json\/wp\/v2\/types\/page"}],"author":[{"embeddable":true,"href":"https:\/\/www.novarpps.com.br\/site\/wp-json\/wp\/v2\/users\/1"}],"replies":[{"embeddable":true,"href":"https:\/\/www.novarpps.com.br\/site\/wp-json\/wp\/v2\/comments?post=333"}],"version-history":[{"count":23,"href":"https:\/\/www.novarpps.com.br\/site\/wp-json\/wp\/v2\/pages\/333\/revisions"}],"predecessor-version":[{"id":619,"href":"https:\/\/www.novarpps.com.br\/site\/wp-json\/wp\/v2\/pages\/333\/revisions\/619"}],"wp:attachment":[{"href":"https:\/\/www.novarpps.com.br\/site\/wp-json\/wp\/v2\/media?parent=333"}],"curies":[{"name":"wp","href":"https:\/\/api.w.org\/{rel}","templated":true}]}}